{"id":651,"date":"2025-05-15T11:08:31","date_gmt":"2025-05-15T11:08:31","guid":{"rendered":"https:\/\/djeukam.com\/?page_id=651"},"modified":"2025-05-15T12:33:43","modified_gmt":"2025-05-15T12:33:43","slug":"infrastructure","status":"publish","type":"page","link":"https:\/\/djeukam.com\/fr\/infrastructure\/","title":{"rendered":"Infrastructures"},"content":{"rendered":"<div data-elementor-type=\"wp-page\" data-elementor-id=\"651\" class=\"elementor elementor-651\" data-elementor-post-type=\"page\">\n\t\t\t\t\t\t<section class=\"elementor-section elementor-top-section elementor-element elementor-element-0cb8422 elementor-section-height-min-height elementor-section-boxed elementor-section-height-default elementor-section-items-middle\" data-id=\"0cb8422\" data-element_type=\"section\" data-settings=\"{&quot;background_background&quot;:&quot;classic&quot;}\">\n\t\t\t\t\t\t\t<div class=\"elementor-background-overlay\"><\/div>\n\t\t\t\t\t\t\t<div class=\"elementor-container elementor-column-gap-default\">\n\t\t\t\t\t<div class=\"elementor-column elementor-col-100 elementor-top-column elementor-element elementor-element-ce55745\" data-id=\"ce55745\" data-element_type=\"column\">\n\t\t\t<div class=\"elementor-widget-wrap elementor-element-populated\">\n\t\t\t\t\t\t<div class=\"elementor-element elementor-element-ccf967e elementor-widget elementor-widget-heading\" data-id=\"ccf967e\" data-element_type=\"widget\" data-widget_type=\"heading.default\">\n\t\t\t\t<div class=\"elementor-widget-container\">\n\t\t\t\t\t<h1 class=\"elementor-heading-title elementor-size-default\">Infrastructures<\/h1>\t\t\t\t<\/div>\n\t\t\t\t<\/div>\n\t\t\t\t\t<\/div>\n\t\t<\/div>\n\t\t\t\t\t<\/div>\n\t\t<\/section>\n\t\t<div class=\"elementor-element elementor-element-0f5c3c0 e-flex e-con-boxed e-con e-parent\" data-id=\"0f5c3c0\" data-element_type=\"container\" data-settings=\"{&quot;background_background&quot;:&quot;classic&quot;}\">\n\t\t\t\t\t<div class=\"e-con-inner\">\n\t\t<div class=\"elementor-element elementor-element-e68cb4f e-con-full e-flex e-con e-child\" data-id=\"e68cb4f\" data-element_type=\"container\">\n\t\t\t\t<div class=\"elementor-element elementor-element-b329c42 elementor-widget elementor-widget-heading\" data-id=\"b329c42\" data-element_type=\"widget\" data-widget_type=\"heading.default\">\n\t\t\t\t<div class=\"elementor-widget-container\">\n\t\t\t\t\t<h2 class=\"elementor-heading-title elementor-size-default\">Infrastructure solide pour des op\u00e9rations de fret fluides<\/h2>\t\t\t\t<\/div>\n\t\t\t\t<\/div>\n\t\t\t\t<div class=\"elementor-element elementor-element-cf031b3 elementor-widget__width-initial elementor-widget elementor-widget-text-editor\" data-id=\"cf031b3\" data-element_type=\"widget\" data-widget_type=\"text-editor.default\">\n\t\t\t\t<div class=\"elementor-widget-container\">\n\t\t\t\t\t\t\t\t\tNotre infrastructure physique nous permet de g\u00e9rer facilement des volumes importants de fret et des op\u00e9rations complexes. Que vous ayez besoin de stockage \u00e0 long terme ou d\u2019exp\u00e9dition rapide, nos \u00e9quipements sont pr\u00eats \u00e0 soutenir votre cha\u00eene d\u2019approvisionnement.\t\t\t\t\t\t\t\t<\/div>\n\t\t\t\t<\/div>\n\t\t\t\t<\/div>\n\t\t<div class=\"elementor-element elementor-element-b4f3b8c e-con-full e-flex elementor-invisible e-con e-child\" data-id=\"b4f3b8c\" data-element_type=\"container\" data-settings=\"{&quot;background_background&quot;:&quot;classic&quot;,&quot;animation&quot;:&quot;fadeInUp&quot;,&quot;animation_delay&quot;:100}\">\n\t\t\t\t<div class=\"elementor-element elementor-element-b9a7d24 elementor-position-top elementor-widget elementor-widget-image-box\" data-id=\"b9a7d24\" data-element_type=\"widget\" data-widget_type=\"image-box.default\">\n\t\t\t\t<div class=\"elementor-widget-container\">\n\t\t\t\t\t<div class=\"elementor-image-box-wrapper\"><figure class=\"elementor-image-box-img\"><img fetchpriority=\"high\" decoding=\"async\" width=\"256\" height=\"256\" src=\"https:\/\/djeukam.com\/wp-content\/uploads\/2025\/05\/location3.png\" class=\"attachment-full size-full wp-image-680\" alt=\"\" srcset=\"https:\/\/djeukam.com\/wp-content\/uploads\/2025\/05\/location3.png 256w, https:\/\/djeukam.com\/wp-content\/uploads\/2025\/05\/location3-150x150.png 150w\" sizes=\"(max-width: 256px) 100vw, 256px\" \/><\/figure><div class=\"elementor-image-box-content\"><h3 class=\"elementor-image-box-title\">Si\u00e8ge <\/h3><p class=\"elementor-image-box-description\">Si\u00e8ge de 2 \u00e9tages avec bureaux<\/p><\/div><\/div>\t\t\t\t<\/div>\n\t\t\t\t<\/div>\n\t\t\t\t<\/div>\n\t\t<div class=\"elementor-element elementor-element-f28c442 e-con-full e-flex elementor-invisible e-con e-child\" data-id=\"f28c442\" data-element_type=\"container\" data-settings=\"{&quot;background_background&quot;:&quot;classic&quot;,&quot;animation&quot;:&quot;fadeInUp&quot;,&quot;animation_delay&quot;:400}\">\n\t\t\t\t<div class=\"elementor-element elementor-element-75ddbdd elementor-position-top elementor-widget elementor-widget-image-box\" data-id=\"75ddbdd\" data-element_type=\"widget\" data-widget_type=\"image-box.default\">\n\t\t\t\t<div class=\"elementor-widget-container\">\n\t\t\t\t\t<div class=\"elementor-image-box-wrapper\"><figure class=\"elementor-image-box-img\"><img decoding=\"async\" width=\"256\" height=\"256\" src=\"https:\/\/djeukam.com\/wp-content\/uploads\/2025\/05\/truck.png\" class=\"attachment-full size-full wp-image-679\" alt=\"\" srcset=\"https:\/\/djeukam.com\/wp-content\/uploads\/2025\/05\/truck.png 256w, https:\/\/djeukam.com\/wp-content\/uploads\/2025\/05\/truck-150x150.png 150w\" sizes=\"(max-width: 256px) 100vw, 256px\" \/><\/figure><div class=\"elementor-image-box-content\"><h3 class=\"elementor-image-box-title\">camions<\/h3><p class=\"elementor-image-box-description\">8 camions, 15+ remorques<\/p><\/div><\/div>\t\t\t\t<\/div>\n\t\t\t\t<\/div>\n\t\t\t\t<\/div>\n\t\t<div class=\"elementor-element elementor-element-a900239 e-con-full e-flex elementor-invisible e-con e-child\" data-id=\"a900239\" data-element_type=\"container\" data-settings=\"{&quot;background_background&quot;:&quot;classic&quot;,&quot;animation&quot;:&quot;fadeInUp&quot;,&quot;animation_delay&quot;:700}\">\n\t\t\t\t<div class=\"elementor-element elementor-element-3cebcc1 elementor-position-top elementor-widget elementor-widget-image-box\" data-id=\"3cebcc1\" data-element_type=\"widget\" data-widget_type=\"image-box.default\">\n\t\t\t\t<div class=\"elementor-widget-container\">\n\t\t\t\t\t<div class=\"elementor-image-box-wrapper\"><figure class=\"elementor-image-box-img\"><img decoding=\"async\" width=\"256\" height=\"256\" src=\"https:\/\/djeukam.com\/wp-content\/uploads\/2025\/05\/forklift.png\" class=\"attachment-full size-full wp-image-678\" alt=\"\" srcset=\"https:\/\/djeukam.com\/wp-content\/uploads\/2025\/05\/forklift.png 256w, https:\/\/djeukam.com\/wp-content\/uploads\/2025\/05\/forklift-150x150.png 150w\" sizes=\"(max-width: 256px) 100vw, 256px\" \/><\/figure><div class=\"elementor-image-box-content\"><h3 class=\"elementor-image-box-title\">chariots \u00e9l\u00e9vateurs <\/h3><p class=\"elementor-image-box-description\">20+ chariots \u00e9l\u00e9vateurs (2 \u00e0 16 tonnes)<\/p><\/div><\/div>\t\t\t\t<\/div>\n\t\t\t\t<\/div>\n\t\t\t\t<\/div>\n\t\t<div class=\"elementor-element elementor-element-73eaecb e-con-full e-flex elementor-invisible e-con e-child\" data-id=\"73eaecb\" data-element_type=\"container\" data-settings=\"{&quot;background_background&quot;:&quot;classic&quot;,&quot;animation&quot;:&quot;fadeInUp&quot;,&quot;animation_delay&quot;:100}\">\n\t\t\t\t<div class=\"elementor-element elementor-element-ec018e0 elementor-position-top elementor-widget elementor-widget-image-box\" data-id=\"ec018e0\" data-element_type=\"widget\" data-widget_type=\"image-box.default\">\n\t\t\t\t<div class=\"elementor-widget-container\">\n\t\t\t\t\t<div class=\"elementor-image-box-wrapper\"><figure class=\"elementor-image-box-img\"><img loading=\"lazy\" decoding=\"async\" width=\"256\" height=\"256\" src=\"https:\/\/djeukam.com\/wp-content\/uploads\/2025\/05\/warehouse1.png\" class=\"attachment-full size-full wp-image-690\" alt=\"\" srcset=\"https:\/\/djeukam.com\/wp-content\/uploads\/2025\/05\/warehouse1.png 256w, https:\/\/djeukam.com\/wp-content\/uploads\/2025\/05\/warehouse1-150x150.png 150w\" sizes=\"(max-width: 256px) 100vw, 256px\" \/><\/figure><div class=\"elementor-image-box-content\"><h3 class=\"elementor-image-box-title\">Entrep\u00f4ts <\/h3><p class=\"elementor-image-box-description\">Deux entrep\u00f4ts (3000 m\u00b2 et 600 m\u00b2)<\/p><\/div><\/div>\t\t\t\t<\/div>\n\t\t\t\t<\/div>\n\t\t\t\t<\/div>\n\t\t<div class=\"elementor-element elementor-element-30f8c01 e-con-full e-flex elementor-invisible e-con e-child\" data-id=\"30f8c01\" data-element_type=\"container\" data-settings=\"{&quot;background_background&quot;:&quot;classic&quot;,&quot;animation&quot;:&quot;fadeInUp&quot;,&quot;animation_delay&quot;:400}\">\n\t\t\t\t<div class=\"elementor-element elementor-element-908d0ce elementor-position-top elementor-widget elementor-widget-image-box\" data-id=\"908d0ce\" data-element_type=\"widget\" data-widget_type=\"image-box.default\">\n\t\t\t\t<div class=\"elementor-widget-container\">\n\t\t\t\t\t<div class=\"elementor-image-box-wrapper\"><figure class=\"elementor-image-box-img\"><img loading=\"lazy\" decoding=\"async\" width=\"256\" height=\"256\" src=\"https:\/\/djeukam.com\/wp-content\/uploads\/2025\/05\/container-yard1.png\" class=\"attachment-full size-full wp-image-694\" alt=\"\" srcset=\"https:\/\/djeukam.com\/wp-content\/uploads\/2025\/05\/container-yard1.png 256w, https:\/\/djeukam.com\/wp-content\/uploads\/2025\/05\/container-yard1-150x150.png 150w\" sizes=\"(max-width: 256px) 100vw, 256px\" \/><\/figure><div class=\"elementor-image-box-content\"><h3 class=\"elementor-image-box-title\">Parcs Logistiques<\/h3><p class=\"elementor-image-box-description\">v2 parcs logistiques (12 000 m\u00b2 et 15 000 m\u00b2)<\/p><\/div><\/div>\t\t\t\t<\/div>\n\t\t\t\t<\/div>\n\t\t\t\t<\/div>\n\t\t<div class=\"elementor-element elementor-element-49c0589 e-con-full e-flex elementor-invisible e-con e-child\" data-id=\"49c0589\" data-element_type=\"container\" data-settings=\"{&quot;background_background&quot;:&quot;classic&quot;,&quot;animation&quot;:&quot;fadeInUp&quot;,&quot;animation_delay&quot;:700}\">\n\t\t\t\t<div class=\"elementor-element elementor-element-46ea7b8 elementor-position-top elementor-widget elementor-widget-image-box\" data-id=\"46ea7b8\" data-element_type=\"widget\" data-widget_type=\"image-box.default\">\n\t\t\t\t<div class=\"elementor-widget-container\">\n\t\t\t\t\t<div class=\"elementor-image-box-wrapper\"><figure class=\"elementor-image-box-img\"><img loading=\"lazy\" decoding=\"async\" width=\"256\" height=\"256\" src=\"https:\/\/djeukam.com\/wp-content\/uploads\/2025\/05\/station.png\" class=\"attachment-full size-full wp-image-675\" alt=\"\" srcset=\"https:\/\/djeukam.com\/wp-content\/uploads\/2025\/05\/station.png 256w, https:\/\/djeukam.com\/wp-content\/uploads\/2025\/05\/station-150x150.png 150w\" sizes=\"(max-width: 256px) 100vw, 256px\" \/><\/figure><div class=\"elementor-image-box-content\"><h3 class=\"elementor-image-box-title\">Pont Bascule<\/h3><p class=\"elementor-image-box-description\">capacit\u00e9 de 100 tonnes Pont bascule:<\/p><\/div><\/div>\t\t\t\t<\/div>\n\t\t\t\t<\/div>\n\t\t\t\t<\/div>\n\t\t\t\t\t<\/div>\n\t\t\t\t<\/div>\n\t\t\t\t<section class=\"elementor-section elementor-top-section elementor-element elementor-element-6989d97 elementor-section-boxed elementor-section-height-default elementor-section-height-default\" data-id=\"6989d97\" data-element_type=\"section\" data-settings=\"{&quot;background_background&quot;:&quot;classic&quot;}\">\n\t\t\t\t\t\t\t<div class=\"elementor-background-overlay\"><\/div>\n\t\t\t\t\t\t\t<div class=\"elementor-container elementor-column-gap-default\">\n\t\t\t\t\t<div class=\"elementor-column elementor-col-100 elementor-top-column elementor-element elementor-element-fbf3a63\" data-id=\"fbf3a63\" data-element_type=\"column\">\n\t\t\t<div class=\"elementor-widget-wrap elementor-element-populated\">\n\t\t\t\t\t\t<div class=\"elementor-element elementor-element-dd2f5f1 elementor-widget elementor-widget-heading\" data-id=\"dd2f5f1\" data-element_type=\"widget\" data-widget_type=\"heading.default\">\n\t\t\t\t<div class=\"elementor-widget-container\">\n\t\t\t\t\t<h2 class=\"elementor-heading-title elementor-size-default\">Besoin de services de fret fiables dans la r\u00e9gion CEMAC ?<\/h2>\t\t\t\t<\/div>\n\t\t\t\t<\/div>\n\t\t\t\t<div class=\"elementor-element elementor-element-06c81e0 elementor-widget elementor-widget-heading\" data-id=\"06c81e0\" data-element_type=\"widget\" data-widget_type=\"heading.default\">\n\t\t\t\t<div class=\"elementor-widget-container\">\n\t\t\t\t\t<h2 class=\"elementor-heading-title elementor-size-default\">Nous offrons un service de fret professionnel du d\u00e9but \u00e0 la fin<\/h2>\t\t\t\t<\/div>\n\t\t\t\t<\/div>\n\t\t\t\t<div class=\"elementor-element elementor-element-8c94bb8 elementor-widget elementor-widget-text-editor\" data-id=\"8c94bb8\" data-element_type=\"widget\" data-widget_type=\"text-editor.default\">\n\t\t\t\t<div class=\"elementor-widget-container\">\n\t\t\t\t\t\t\t\t\t<p>Du d\u00e9douanement portuaire \u00e0 la livraison finale, nous g\u00e9rons chaque \u00e9tape avec efficacit\u00e9 et soin. Parlons de vos besoins logistiques et de la mani\u00e8re dont nous pouvons vous aider. Commencez d\u00e8s maintenant avec un devis gratuit.<\/p>\t\t\t\t\t\t\t\t<\/div>\n\t\t\t\t<\/div>\n\t\t\t\t<div class=\"elementor-element elementor-element-5a2b22f elementor-widget__width-auto elementor-widget elementor-widget-button\" data-id=\"5a2b22f\" data-element_type=\"widget\" data-widget_type=\"button.default\">\n\t\t\t\t<div class=\"elementor-widget-container\">\n\t\t\t\t\t\t\t\t\t<div class=\"elementor-button-wrapper\">\n\t\t\t\t\t<a class=\"elementor-button elementor-button-link elementor-size-sm\" href=\"https:\/\/djeukam.com\/fr\/contact\/\">\n\t\t\t\t\t\t<span class=\"elementor-button-content-wrapper\">\n\t\t\t\t\t\t\t\t\t<span class=\"elementor-button-text\">Demander un devis<\/span>\n\t\t\t\t\t<\/span>\n\t\t\t\t\t<\/a>\n\t\t\t\t<\/div>\n\t\t\t\t\t\t\t\t<\/div>\n\t\t\t\t<\/div>\n\t\t\t\t<div class=\"elementor-element elementor-element-40c21f7 elementor-widget__width-auto elementor-widget elementor-widget-button\" data-id=\"40c21f7\" data-element_type=\"widget\" data-widget_type=\"button.default\">\n\t\t\t\t<div class=\"elementor-widget-container\">\n\t\t\t\t\t\t\t\t\t<div class=\"elementor-button-wrapper\">\n\t\t\t\t\t<a class=\"elementor-button elementor-button-link elementor-size-sm\" href=\"tel:237654171574%20\">\n\t\t\t\t\t\t<span class=\"elementor-button-content-wrapper\">\n\t\t\t\t\t\t<span class=\"elementor-button-icon\">\n\t\t\t\t<svg aria-hidden=\"true\" class=\"e-font-icon-svg e-fas-phone-alt\" viewbox=\"0 0 512 512\" xmlns=\"http:\/\/www.w3.org\/2000\/svg\"><path d=\"M497.39 361.8l-112-48a24 24 0 0 0-28 6.9l-49.6 60.6A370.66 370.66 0 0 1 130.6 204.11l60.6-49.6a23.94 23.94 0 0 0 6.9-28l-48-112A24.16 24.16 0 0 0 122.6.61l-104 24A24 24 0 0 0 0 48c0 256.5 207.9 464 464 464a24 24 0 0 0 23.4-18.6l24-104a24.29 24.29 0 0 0-14.01-27.6z\"><\/path><\/svg>\t\t\t<\/span>\n\t\t\t\t\t\t\t\t\t<span class=\"elementor-button-text\">(237) 654 171 574 <\/span>\n\t\t\t\t\t<\/span>\n\t\t\t\t\t<\/a>\n\t\t\t\t<\/div>\n\t\t\t\t\t\t\t\t<\/div>\n\t\t\t\t<\/div>\n\t\t\t\t\t<\/div>\n\t\t<\/div>\n\t\t\t\t\t<\/div>\n\t\t<\/section>\n\t\t\t\t<\/div>","protected":false},"excerpt":{"rendered":"<p>Infrastructure Robust Infrastructure Supporting Seamless Freight Operations Our physical infrastructure allows us to manage high-volume freight and complex operations with ease. Whether you require long-term storage or quick dispatch, our assets are ready to support your supply chain. headquarters 2-Floor Headquarters with Offices trucks 8 Trucks, 15+ Trailers Forklifts 20+ Forklifts (2t to 16t) Warehouses [&hellip;]<\/p>","protected":false},"author":1,"featured_media":0,"parent":0,"menu_order":0,"comment_status":"closed","ping_status":"closed","template":"","meta":{"footnotes":""},"class_list":["post-651","page","type-page","status-publish","hentry"],"_links":{"self":[{"href":"https:\/\/djeukam.com\/fr\/wp-json\/wp\/v2\/pages\/651","targetHints":{"allow":["GET"]}}],"collection":[{"href":"https:\/\/djeukam.com\/fr\/wp-json\/wp\/v2\/pages"}],"about":[{"href":"https:\/\/djeukam.com\/fr\/wp-json\/wp\/v2\/types\/page"}],"author":[{"embeddable":true,"href":"https:\/\/djeukam.com\/fr\/wp-json\/wp\/v2\/users\/1"}],"replies":[{"embeddable":true,"href":"https:\/\/djeukam.com\/fr\/wp-json\/wp\/v2\/comments?post=651"}],"version-history":[{"count":70,"href":"https:\/\/djeukam.com\/fr\/wp-json\/wp\/v2\/pages\/651\/revisions"}],"predecessor-version":[{"id":777,"href":"https:\/\/djeukam.com\/fr\/wp-json\/wp\/v2\/pages\/651\/revisions\/777"}],"wp:attachment":[{"href":"https:\/\/djeukam.com\/fr\/wp-json\/wp\/v2\/media?parent=651"}],"curies":[{"name":"wp","href":"https:\/\/api.w.org\/{rel}","templated":true}]}}